{"id":2,"date":"2025-12-31T14:01:18","date_gmt":"2025-12-31T14:01:18","guid":{"rendered":"http:\/\/iaf.ffaikido.com\/?page_id=2"},"modified":"2026-01-11T14:42:03","modified_gmt":"2026-01-11T14:42:03","slug":"sample-page","status":"publish","type":"page","link":"https:\/\/iaf.ffaikido.com\/","title":{"rendered":"Accueil"},"content":{"rendered":"<div id=\"pl-2\"  class=\"panel-layout\" ><div id=\"pg-2-0\"  class=\"panel-grid panel-has-style\" ><div class=\"siteorigin-panels-stretch panel-row-style panel-row-style-for-2-0\" data-stretch-type=\"full\" ><div id=\"pgc-2-0-0\"  class=\"panel-grid-cell\" ><div id=\"panel-2-0-0-0\" class=\"so-panel widget widget_sow-button panel-first-child\" data-index=\"0\" ><div\n\t\t\t\n\t\t\tclass=\"so-widget-sow-button so-widget-sow-button-flat-36e22cfc6189-2\"\n\t\t\t\n\t\t><div class=\"ow-button-base ow-button-align-center\"\n>\n\t\t\t<a\n\t\t\t\t\thref=\"https:\/\/www.helloasso.com\/associations\/aikido-club-de-vence\/evenements\/iaf-young-seminar-2026\"\n\t\t\t\t\tclass=\"sowb-button ow-icon-placement-left ow-button-hover\" target=\"_blank\" rel=\"noopener noreferrer\" \t>\n\t\t<span>\n\t\t\t<span class=\"sow-icon-fontawesome sow-far\" data-sow-icon=\"&#xf044;\"\n\t\tstyle=\"\" \n\t\taria-hidden=\"true\"><\/span>\n\t\t\tInscription \/ Registration\t\t<\/span>\n\t\t\t<\/a>\n\t<\/div>\n<\/div><\/div><div id=\"panel-2-0-0-1\" class=\"so-panel widget widget_sow-tabs panel-last-child\" data-index=\"1\" ><div class=\"panel-widget-style panel-widget-style-for-2-0-0-1\" ><div\n\t\t\t\n\t\t\tclass=\"so-widget-sow-tabs so-widget-sow-tabs-default-b6504d5d1162-2\"\n\t\t\t\n\t\t><div class=\"sow-tabs\">\n\t<div class=\"sow-tabs-tab-container\" role=\"tablist\">\n\t\t\t<div\n\t\t\tclass=\"sow-tabs-tab\n\t\t\t sow-tabs-tab-selected\t\t\t\"\n\t\t\trole=\"tab\"\n\t\t\tdata-anchor-id=\"seminaire-jeunesse-aikido-iaf\"\n\t\t\taria-selected=\"true\"\n\t\t\ttabindex=\"0\"\n\t\t>\n\t\t\t<div class=\"sow-tabs-title sow-tabs-title-icon-left\">\n\t\t\t\t\t\t\t\tS\u00e9minaire Jeunesse A\u00efkido IAF\t\t\t\t\t\t\t<\/div>\n\t\t<\/div>\n\t\t\t<div\n\t\t\tclass=\"sow-tabs-tab\n\t\t\t\t\t\t\"\n\t\t\trole=\"tab\"\n\t\t\tdata-anchor-id=\"informations\"\n\t\t\taria-selected=\"false\"\n\t\t\ttabindex=\"0\"\n\t\t>\n\t\t\t<div class=\"sow-tabs-title sow-tabs-title-icon-left\">\n\t\t\t\t\t\t\t\tINFORMATIONS\t\t\t\t\t\t\t<\/div>\n\t\t<\/div>\n\t\t\t<div\n\t\t\tclass=\"sow-tabs-tab\n\t\t\t\t\t\t\"\n\t\t\trole=\"tab\"\n\t\t\tdata-anchor-id=\"programme\"\n\t\t\taria-selected=\"false\"\n\t\t\ttabindex=\"0\"\n\t\t>\n\t\t\t<div class=\"sow-tabs-title sow-tabs-title-icon-left\">\n\t\t\t\t\t\t\t\tPROGRAMME\t\t\t\t\t\t\t<\/div>\n\t\t<\/div>\n\t\t\t<div\n\t\t\tclass=\"sow-tabs-tab\n\t\t\t\t\t\t\"\n\t\t\trole=\"tab\"\n\t\t\tdata-anchor-id=\"terumasa-hino-sensei\"\n\t\t\taria-selected=\"false\"\n\t\t\ttabindex=\"0\"\n\t\t>\n\t\t\t<div class=\"sow-tabs-title sow-tabs-title-icon-left\">\n\t\t\t\t\t\t\t\tTerumasa HINO Sensei\t\t\t\t\t\t\t<\/div>\n\t\t<\/div>\n\t\t<\/div>\n\n\t<div class=\"sow-tabs-panel-container\">\n\t\t\t<div class=\"sow-tabs-panel\">\n\t\t\t<div\n\t\t\t\tclass=\"sow-tabs-panel-content\"\n\t\t\t\trole=\"tabpanel\"\n\t\t\t\taria-hidden=\"false\"\n\t\t\t>\n\t\t\t\t<p><img loading=\"lazy\" decoding=\"async\" class=\"alignnone wp-image-10 size-full\" src=\"https:\/\/iaf.ffaikido.com\/wp-content\/uploads\/2025\/12\/page-1-fr.jpg\" alt=\"\" width=\"1200\" height=\"1695\" srcset=\"https:\/\/iaf.ffaikido.com\/wp-content\/uploads\/2025\/12\/page-1-fr.jpg 1200w, https:\/\/iaf.ffaikido.com\/wp-content\/uploads\/2025\/12\/page-1-fr-212x300.jpg 212w, https:\/\/iaf.ffaikido.com\/wp-content\/uploads\/2025\/12\/page-1-fr-725x1024.jpg 725w, https:\/\/iaf.ffaikido.com\/wp-content\/uploads\/2025\/12\/page-1-fr-768x1085.jpg 768w, https:\/\/iaf.ffaikido.com\/wp-content\/uploads\/2025\/12\/page-1-fr-1087x1536.jpg 1087w\" sizes=\"auto, (max-width: 1200px) 100vw, 1200px\" \/><\/p>\n\t\t\t<\/div>\n\t\t<\/div>\n\t\t\t<div class=\"sow-tabs-panel\">\n\t\t\t<div\n\t\t\t\tclass=\"sow-tabs-panel-content\"\n\t\t\t\trole=\"tabpanel\"\n\t\t\t\taria-hidden=\"true\"\n\t\t\t>\n\t\t\t\t<p><img loading=\"lazy\" decoding=\"async\" class=\"alignnone wp-image-12 size-full\" src=\"https:\/\/iaf.ffaikido.com\/wp-content\/uploads\/2025\/12\/page-2-fr.jpg\" alt=\"\" width=\"1200\" height=\"1695\" srcset=\"https:\/\/iaf.ffaikido.com\/wp-content\/uploads\/2025\/12\/page-2-fr.jpg 1200w, https:\/\/iaf.ffaikido.com\/wp-content\/uploads\/2025\/12\/page-2-fr-212x300.jpg 212w, https:\/\/iaf.ffaikido.com\/wp-content\/uploads\/2025\/12\/page-2-fr-725x1024.jpg 725w, https:\/\/iaf.ffaikido.com\/wp-content\/uploads\/2025\/12\/page-2-fr-768x1085.jpg 768w, https:\/\/iaf.ffaikido.com\/wp-content\/uploads\/2025\/12\/page-2-fr-1087x1536.jpg 1087w\" sizes=\"auto, (max-width: 1200px) 100vw, 1200px\" \/><\/p>\n\t\t\t<\/div>\n\t\t<\/div>\n\t\t\t<div class=\"sow-tabs-panel\">\n\t\t\t<div\n\t\t\t\tclass=\"sow-tabs-panel-content\"\n\t\t\t\trole=\"tabpanel\"\n\t\t\t\taria-hidden=\"true\"\n\t\t\t>\n\t\t\t\t<p><img loading=\"lazy\" decoding=\"async\" class=\"wp-image-14 size-full aligncenter\" src=\"https:\/\/iaf.ffaikido.com\/wp-content\/uploads\/2025\/12\/page-3-fr.jpg\" alt=\"\" width=\"1200\" height=\"1695\" srcset=\"https:\/\/iaf.ffaikido.com\/wp-content\/uploads\/2025\/12\/page-3-fr.jpg 1200w, https:\/\/iaf.ffaikido.com\/wp-content\/uploads\/2025\/12\/page-3-fr-212x300.jpg 212w, https:\/\/iaf.ffaikido.com\/wp-content\/uploads\/2025\/12\/page-3-fr-725x1024.jpg 725w, https:\/\/iaf.ffaikido.com\/wp-content\/uploads\/2025\/12\/page-3-fr-768x1085.jpg 768w, https:\/\/iaf.ffaikido.com\/wp-content\/uploads\/2025\/12\/page-3-fr-1087x1536.jpg 1087w\" sizes=\"auto, (max-width: 1200px) 100vw, 1200px\" \/><\/p>\n<p><img loading=\"lazy\" decoding=\"async\" class=\"alignnone wp-image-15 size-full\" src=\"https:\/\/iaf.ffaikido.com\/wp-content\/uploads\/2025\/12\/page-4-fr.jpg\" alt=\"\" width=\"1200\" height=\"1695\" srcset=\"https:\/\/iaf.ffaikido.com\/wp-content\/uploads\/2025\/12\/page-4-fr.jpg 1200w, https:\/\/iaf.ffaikido.com\/wp-content\/uploads\/2025\/12\/page-4-fr-212x300.jpg 212w, https:\/\/iaf.ffaikido.com\/wp-content\/uploads\/2025\/12\/page-4-fr-725x1024.jpg 725w, https:\/\/iaf.ffaikido.com\/wp-content\/uploads\/2025\/12\/page-4-fr-768x1085.jpg 768w, https:\/\/iaf.ffaikido.com\/wp-content\/uploads\/2025\/12\/page-4-fr-1087x1536.jpg 1087w\" sizes=\"auto, (max-width: 1200px) 100vw, 1200px\" \/><\/p>\n\t\t\t<\/div>\n\t\t<\/div>\n\t\t\t<div class=\"sow-tabs-panel\">\n\t\t\t<div\n\t\t\t\tclass=\"sow-tabs-panel-content\"\n\t\t\t\trole=\"tabpanel\"\n\t\t\t\taria-hidden=\"true\"\n\t\t\t>\n\t\t\t\t<p data-path-to-node=\"3\"><img loading=\"lazy\" decoding=\"async\" class=\"alignnone size-full wp-image-44\" src=\"https:\/\/iaf.ffaikido.com\/wp-content\/uploads\/2026\/01\/WhatsApp-Image-2026-01-09-at-07.40.03.jpeg\" alt=\"\" width=\"1600\" height=\"1066\" srcset=\"https:\/\/iaf.ffaikido.com\/wp-content\/uploads\/2026\/01\/WhatsApp-Image-2026-01-09-at-07.40.03.jpeg 1600w, https:\/\/iaf.ffaikido.com\/wp-content\/uploads\/2026\/01\/WhatsApp-Image-2026-01-09-at-07.40.03-300x200.jpeg 300w, https:\/\/iaf.ffaikido.com\/wp-content\/uploads\/2026\/01\/WhatsApp-Image-2026-01-09-at-07.40.03-1024x682.jpeg 1024w, https:\/\/iaf.ffaikido.com\/wp-content\/uploads\/2026\/01\/WhatsApp-Image-2026-01-09-at-07.40.03-768x512.jpeg 768w, https:\/\/iaf.ffaikido.com\/wp-content\/uploads\/2026\/01\/WhatsApp-Image-2026-01-09-at-07.40.03-1536x1023.jpeg 1536w, https:\/\/iaf.ffaikido.com\/wp-content\/uploads\/2026\/01\/WhatsApp-Image-2026-01-09-at-07.40.03-272x182.jpeg 272w\" sizes=\"auto, (max-width: 1600px) 100vw, 1600px\" \/>Terumasa HINO Sensei est n\u00e9 en 1983. Il a d\u00e9but\u00e9 la pratique de l\u2019A\u00efkido \u00e0 l\u2019universit\u00e9 en 2002.<\/p>\n<p data-path-to-node=\"4\">En 2008, il est devenu instructeur d\u2019A\u00efkido au si\u00e8ge mondial de l\u2019A\u00efkido, l\u2019<b data-path-to-node=\"4\" data-index-in-node=\"76\">AIKIKAI<\/b>. Actuellement, HINO Sensei dispense des cours pour adultes d\u00e9butants ainsi que des cours pour enfants (de 5 \u00e0 15 ans) au <b data-path-to-node=\"4\" data-index-in-node=\"205\">Hombu Dojo<\/b> de l\u2019AIKIKAI \u00e0 Tokyo. Il enseigne \u00e9galement l\u2019A\u00efkido dans plusieurs universit\u00e9s, clubs scolaires, lyc\u00e9es et centres culturels au Japon.<\/p>\n<p data-path-to-node=\"5\">HINO Shihan enseigne r\u00e9guli\u00e8rement \u00e0 l'\u00e9tranger ; il a notamment dirig\u00e9 des s\u00e9minaires dans des pays tels que les \u00c9tats-Unis, le Royaume-Uni, la Roumanie, la Mongolie et l'Italie.<\/p>\n<p data-path-to-node=\"6\">En 2025, le s\u00e9minaire international de la jeunesse de l\u2019IAF \u00e0 Bardonecchia, en Italie, a r\u00e9uni environ 130 jeunes pratiquants et instructeurs. L'\u00e9v\u00e9nement a \u00e9t\u00e9 tr\u00e8s appr\u00e9ci\u00e9 tant par les jeunes a\u00efkidokas que par les enseignants. Ce s\u00e9minaire fut une grande source d'inspiration, riche en apprentissage et en progression. Ce fut l'occasion de perfectionner les techniques, de repousser ses limites et de tisser des liens avec des pratiquants venus de nombreux pays.<\/p>\n<p class=\"s3\">\n<\/p>\t\t\t<\/div>\n\t\t<\/div>\n\t\t<\/div>\n<\/div>\n<\/div><\/div><\/div><\/div><\/div><\/div><div id=\"pg-2-1\"  class=\"panel-grid panel-no-style\" ><div id=\"pgc-2-1-0\"  class=\"panel-grid-cell\" ><div id=\"panel-2-1-0-0\" class=\"so-panel widget widget_sow-button panel-first-child\" data-index=\"2\" ><div\n\t\t\t\n\t\t\tclass=\"so-widget-sow-button so-widget-sow-button-flat-36e22cfc6189-2\"\n\t\t\t\n\t\t><div class=\"ow-button-base ow-button-align-center\"\n>\n\t\t\t<a\n\t\t\t\t\thref=\"https:\/\/www.helloasso.com\/associations\/aikido-club-de-vence\/evenements\/iaf-young-seminar-2026\"\n\t\t\t\t\tclass=\"sowb-button ow-icon-placement-left ow-button-hover\" target=\"_blank\" rel=\"noopener noreferrer\" \t>\n\t\t<span>\n\t\t\t<span class=\"sow-icon-fontawesome sow-far\" data-sow-icon=\"&#xf044;\"\n\t\tstyle=\"\" \n\t\taria-hidden=\"true\"><\/span>\n\t\t\tInscription \/ Registration\t\t<\/span>\n\t\t\t<\/a>\n\t<\/div>\n<\/div><\/div><div id=\"panel-2-1-0-1\" class=\"so-panel widget widget_sow-button panel-last-child\" data-index=\"3\" ><div\n\t\t\t\n\t\t\tclass=\"so-widget-sow-button so-widget-sow-button-flat-36e22cfc6189-2\"\n\t\t\t\n\t\t><div class=\"ow-button-base ow-button-align-center\"\n>\n\t\t\t<a\n\t\t\t\t\thref=\"mailto:%20iafyouthseminar@gmail.com\"\n\t\t\t\t\tclass=\"sowb-button ow-icon-placement-left ow-button-hover\" target=\"_blank\" rel=\"noopener noreferrer\" \t>\n\t\t<span>\n\t\t\t<span class=\"sow-icon-fontawesome sow-far\" data-sow-icon=\"&#xf2b6;\"\n\t\tstyle=\"\" \n\t\taria-hidden=\"true\"><\/span>\n\t\t\tcontact\t\t<\/span>\n\t\t\t<\/a>\n\t<\/div>\n<\/div><\/div><\/div><\/div><\/div>","protected":false},"excerpt":{"rendered":"<p>Inscription \/ Registration S\u00e9minaire Jeunesse A\u00efkido IAF INFORMATIONS PROGRAMME Terumasa HINO Sensei Terumasa HINO Sensei est n\u00e9 en 1983. Il a d\u00e9but\u00e9 la pratique de l\u2019A\u00efkido \u00e0 l\u2019universit\u00e9 en 2002. En 2008, il est devenu instructeur d\u2019A\u00efkido au si\u00e8ge mondial de l\u2019A\u00efkido, l\u2019AIKIKAI. Actuellement, HINO Sensei dispense des cours pour adultes d\u00e9butants ainsi que des [&hellip;]<\/p>\n","protected":false},"author":1,"featured_media":0,"parent":0,"menu_order":0,"comment_status":"closed","ping_status":"open","template":"","meta":{"footnotes":""},"class_list":["post-2","page","type-page","status-publish","hentry","wpbf-post"],"_links":{"self":[{"href":"https:\/\/iaf.ffaikido.com\/index.php\/wp-json\/wp\/v2\/pages\/2","targetHints":{"allow":["GET"]}}],"collection":[{"href":"https:\/\/iaf.ffaikido.com\/index.php\/wp-json\/wp\/v2\/pages"}],"about":[{"href":"https:\/\/iaf.ffaikido.com\/index.php\/wp-json\/wp\/v2\/types\/page"}],"author":[{"embeddable":true,"href":"https:\/\/iaf.ffaikido.com\/index.php\/wp-json\/wp\/v2\/users\/1"}],"replies":[{"embeddable":true,"href":"https:\/\/iaf.ffaikido.com\/index.php\/wp-json\/wp\/v2\/comments?post=2"}],"version-history":[{"count":18,"href":"https:\/\/iaf.ffaikido.com\/index.php\/wp-json\/wp\/v2\/pages\/2\/revisions"}],"predecessor-version":[{"id":48,"href":"https:\/\/iaf.ffaikido.com\/index.php\/wp-json\/wp\/v2\/pages\/2\/revisions\/48"}],"wp:attachment":[{"href":"https:\/\/iaf.ffaikido.com\/index.php\/wp-json\/wp\/v2\/media?parent=2"}],"curies":[{"name":"wp","href":"https:\/\/api.w.org\/{rel}","templated":true}]}}